{"id":9947,"date":"2021-11-12T16:10:12","date_gmt":"2021-11-12T16:10:12","guid":{"rendered":"https:\/\/deon.qodeinteractive.com\/?page_id=3"},"modified":"2023-10-19T17:14:33","modified_gmt":"2023-10-19T17:14:33","slug":"privacy-policy","status":"publish","type":"page","link":"https:\/\/bitscoretechnologies.com\/fr\/privacy-policy\/","title":{"rendered":"Privacy Policy"},"content":{"rendered":"<h2 class=\"wp-block-heading\">Who we are<\/h2><p><strong class=\"privacy-policy-tutorial\">Suggested text: <\/strong>Our website address is: https:\/\/deon.qodeinteractive.com.<\/p><h2 class=\"wp-block-heading\">Commentaires<\/h2><p><strong class=\"privacy-policy-tutorial\">Suggested text: <\/strong>When visitors leave comments on the site we collect the data shown in the comments form, and also the visitor&#8217;s IP address and browser user agent string to help spam detection.<\/p><p>An anonymized string created from your email address (also called a hash) may be provided to the Gravatar service to see if you are using it. The Gravatar service privacy policy is available here: https:\/\/automattic.com\/privacy\/. After approval of your comment, your profile picture is visible to the public in the context of your comment.<\/p><h2 class=\"wp-block-heading\">Media<\/h2><p><strong class=\"privacy-policy-tutorial\">Suggested text: <\/strong>Si vous t\u00e9l\u00e9chargez des images sur le site Web, vous devez \u00e9viter de t\u00e9l\u00e9charger des images contenant des donn\u00e9es de localisation int\u00e9gr\u00e9es (GPS EXIF). Les visiteurs du site Web peuvent t\u00e9l\u00e9charger et extraire toutes les donn\u00e9es de localisation des images du site Web.<\/p><h2 class=\"wp-block-heading\">Cookies<\/h2><p><strong class=\"privacy-policy-tutorial\">Suggested text: <\/strong>Si vous laissez un commentaire sur notre site, vous pouvez choisir d'enregistrer votre nom, votre adresse e-mail et votre site Web dans des cookies. Ces informations sont destin\u00e9es \u00e0 votre commodit\u00e9 afin que vous n'ayez pas \u00e0 remplir \u00e0 nouveau vos coordonn\u00e9es lorsque vous laissez un autre commentaire. Ces cookies dureront un an.<\/p><p>Si vous visitez notre page de connexion, nous d\u00e9finirons un cookie temporaire pour d\u00e9terminer si votre navigateur accepte les cookies. Ce cookie ne contient aucune donn\u00e9e personnelle et est supprim\u00e9 lorsque vous fermez votre navigateur.<\/p><p>When you log in, we will also set up several cookies to save your login information and your screen display choices. Login cookies last for two days, and screen options cookies last for a year. If you select &quot;Remember Me&quot;, your login will persist for two weeks. If you log out of your account, the login cookies will be removed.<\/p><p>Si vous modifiez ou publiez un article, un cookie suppl\u00e9mentaire sera enregistr\u00e9 dans votre navigateur. Ce cookie ne contient aucune donn\u00e9e personnelle et indique simplement l'identifiant de la publication de l'article que vous venez de modifier. Il expire apr\u00e8s 1 jour.<\/p><h2 class=\"wp-block-heading\">Contenu int\u00e9gr\u00e9 provenant d'autres sites Web<\/h2><p><strong class=\"privacy-policy-tutorial\">Suggested text: <\/strong>Les articles de ce site peuvent inclure du contenu int\u00e9gr\u00e9 (par exemple des vid\u00e9os, des images, des articles, etc.). Le contenu int\u00e9gr\u00e9 d'autres sites Web se comporte exactement de la m\u00eame mani\u00e8re que si le visiteur avait visit\u00e9 l'autre site Web.<\/p><p>Ces sites Web peuvent collecter des donn\u00e9es sur vous, utiliser des cookies, int\u00e9grer un suivi tiers suppl\u00e9mentaire et surveiller votre interaction avec ce contenu int\u00e9gr\u00e9, y compris le suivi de votre interaction avec le contenu int\u00e9gr\u00e9 si vous disposez d'un compte et \u00eates connect\u00e9 \u00e0 ce site Web.<\/p><h2 class=\"wp-block-heading\">Avec qui partageons-nous vos donn\u00e9es<\/h2><p><strong class=\"privacy-policy-tutorial\">Suggested text: <\/strong>Si vous demandez une r\u00e9initialisation de mot de passe, votre adresse IP sera incluse dans l'e-mail de r\u00e9initialisation.<\/p><h2 class=\"wp-block-heading\">Combien de temps conservons-nous vos donn\u00e9es<\/h2><p><strong class=\"privacy-policy-tutorial\">Suggested text: <\/strong>Si vous laissez un commentaire, le commentaire et ses m\u00e9tadonn\u00e9es sont conserv\u00e9s ind\u00e9finiment. Cela nous permet de reconna\u00eetre et d'approuver automatiquement tous les commentaires suivants au lieu de les conserver dans une file d'attente de mod\u00e9ration.<\/p><p>Pour les utilisateurs qui s'inscrivent sur notre site Web (le cas \u00e9ch\u00e9ant), nous stockons \u00e9galement les informations personnelles qu'ils fournissent dans leur profil d'utilisateur. Tous les utilisateurs peuvent voir, modifier ou supprimer leurs informations personnelles \u00e0 tout moment (sauf qu'ils ne peuvent pas modifier leur nom d'utilisateur). Les administrateurs de sites Web peuvent \u00e9galement voir et modifier ces informations.<\/p><h2 class=\"wp-block-heading\">Quels sont vos droits sur vos donn\u00e9es<\/h2><p><strong class=\"privacy-policy-tutorial\">Suggested text: <\/strong>Si vous avez un compte sur ce site ou si vous avez laiss\u00e9 des commentaires, vous pouvez demander \u00e0 recevoir un fichier export\u00e9 des donn\u00e9es personnelles que nous d\u00e9tenons \u00e0 votre sujet, y compris toutes les donn\u00e9es que vous nous avez fournies. Vous pouvez \u00e9galement demander que nous supprimions toutes les donn\u00e9es personnelles que nous d\u00e9tenons \u00e0 votre sujet. Cela n'inclut pas les donn\u00e9es que nous sommes oblig\u00e9s de conserver \u00e0 des fins administratives, juridiques ou de s\u00e9curit\u00e9.<\/p><h2 class=\"wp-block-heading\">Where we send your data<\/h2><p><strong class=\"privacy-policy-tutorial\">Suggested text: <\/strong>Les commentaires des visiteurs peuvent \u00eatre v\u00e9rifi\u00e9s via un service automatis\u00e9 de d\u00e9tection de spam.<\/p>","protected":false},"excerpt":{"rendered":"<p>Who we are Suggested text: Our website address is: https:\/\/deon.qodeinteractive.com. Comments Suggested text: When visitors leave comments on the site we collect the data shown in the comments form, and also the visitor&#8217;s IP address and browser user agent string to help spam detection. An anonymized string created from your email address (also called a [&hellip;]<\/p>\n","protected":false},"author":1,"featured_media":0,"parent":0,"menu_order":0,"comment_status":"closed","ping_status":"closed","template":"","meta":{"footnotes":""},"class_list":["post-9947","page","type-page","status-publish","hentry"],"_links":{"self":[{"href":"https:\/\/bitscoretechnologies.com\/fr\/wp-json\/wp\/v2\/pages\/9947","targetHints":{"allow":["GET"]}}],"collection":[{"href":"https:\/\/bitscoretechnologies.com\/fr\/wp-json\/wp\/v2\/pages"}],"about":[{"href":"https:\/\/bitscoretechnologies.com\/fr\/wp-json\/wp\/v2\/types\/page"}],"author":[{"embeddable":true,"href":"https:\/\/bitscoretechnologies.com\/fr\/wp-json\/wp\/v2\/users\/1"}],"replies":[{"embeddable":true,"href":"https:\/\/bitscoretechnologies.com\/fr\/wp-json\/wp\/v2\/comments?post=9947"}],"version-history":[{"count":1,"href":"https:\/\/bitscoretechnologies.com\/fr\/wp-json\/wp\/v2\/pages\/9947\/revisions"}],"predecessor-version":[{"id":10809,"href":"https:\/\/bitscoretechnologies.com\/fr\/wp-json\/wp\/v2\/pages\/9947\/revisions\/10809"}],"wp:attachment":[{"href":"https:\/\/bitscoretechnologies.com\/fr\/wp-json\/wp\/v2\/media?parent=9947"}],"curies":[{"name":"wp","href":"https:\/\/api.w.org\/{rel}","templated":true}]}}