{"id":4040,"date":"2021-11-29T17:18:22","date_gmt":"2021-11-29T17:18:22","guid":{"rendered":"https:\/\/deon.qodeinteractive.com\/?page_id=4040"},"modified":"2023-11-03T18:14:29","modified_gmt":"2023-11-03T18:14:29","slug":"bitscore-technologies","status":"publish","type":"page","link":"https:\/\/bitscoretechnologies.com\/fr\/","title":{"rendered":"Bitscore Technologies"},"content":{"rendered":"<div data-elementor-type=\"wp-page\" data-elementor-id=\"4040\" class=\"elementor elementor-4040\">\n\t\t\t\t\t\t<section class=\"elementor-section elementor-top-section elementor-element elementor-element-57759e8 elementor-section-full_width qodef-elementor-content-grid qodef-extended-grid qodef-extended-grid--left elementor-section-height-min-height elementor-section-height-default elementor-section-items-middle\" data-id=\"57759e8\" data-element_type=\"section\" data-e-type=\"section\">\n\t\t\t\t\t\t<div class=\"elementor-container elementor-column-gap-no\">\n\t\t\t\t\t<div class=\"elementor-column elementor-col-66 elementor-top-column elementor-element elementor-element-d85b46c qodef-gradient-background-column--no\" data-id=\"d85b46c\" data-element_type=\"column\" data-e-type=\"column\">\n\t\t\t<div class=\"elementor-widget-wrap elementor-element-populated\">\n\t\t\t\t\t\t<div class=\"elementor-element elementor-element-424a5e9 elementor-widget-mobile__width-initial elementor-widget elementor-widget-deon_core_single_image\" data-id=\"424a5e9\" data-element_type=\"widget\" data-e-type=\"widget\" data-widget_type=\"deon_core_single_image.default\">\n\t\t\t\t<div class=\"elementor-widget-container\">\n\t\t\t\t\t<div class=\"qodef-shortcode qodef-m  qodef-single-image qodef-layout--default  qodef--retina qodef--has-appear\" >\n\t\t<div class=\"qodef-m-image\">\n\t\t\t\t\t\t\t\t\t<img fetchpriority=\"high\" decoding=\"async\" itemprop=\"image\" src=\"https:\/\/bitscoretechnologies.com\/wp-content\/uploads\/2023\/09\/flatlay1-scaled.jpeg\" width=\"1280\" height=\"960\" alt=\"\" \/>\n\t\t\t\t\t\t\t<\/div>\n<\/div>\n\t\t\t\t<\/div>\n\t\t\t\t<\/div>\n\t\t\t\t\t<\/div>\n\t\t<\/div>\n\t\t\t\t<div class=\"elementor-column elementor-col-33 elementor-top-column elementor-element elementor-element-d22810b qodef-gradient-background-column--no\" data-id=\"d22810b\" data-element_type=\"column\" data-e-type=\"column\">\n\t\t\t<div class=\"elementor-widget-wrap elementor-element-populated\">\n\t\t\t\t\t\t<div class=\"elementor-element elementor-element-40f19e0 elementor-widget__width-initial elementor-widget-mobile__width-initial elementor-widget elementor-widget-deon_core_section_title\" data-id=\"40f19e0\" data-element_type=\"widget\" data-e-type=\"widget\" data-widget_type=\"deon_core_section_title.default\">\n\t\t\t\t<div class=\"elementor-widget-container\">\n\t\t\t\t\t<div class=\"qodef-shortcode qodef-m  qodef-section-title qodef-alignment--left  qodef--has-appear\">\n\t\t<p class=\"qodef-m-subtitle\" >qui sommes-nous?<\/p>\n\t\t<h2 class=\"qodef-m-title\" style=\"margin-top:10px;\">\n\t\t\t\t\tSolutions<br \/> rentables adapt\u00e9es \u00e0 votre entreprise\t\t\t<\/h2>\n\t\t<div class=\"qodef-m-section-text\" ><div class=\"entry-content single-entry-content\"><p>BitsCore Technologies propose des services et des solutions de gestion informatique sur mesure, fiables et \u00e0 des prix comp\u00e9titifs afin que vous puissiez vous concentrer sur le d\u00e9veloppement et la prosp\u00e9rit\u00e9 de votre entreprise.<\/p><p>Notre centre de support et nos techniciens sont situ\u00e9s au coeur de Montr\u00e9al. Nous pouvons vous aider en ligne ou directement sur place.<\/p><\/div><\/div>\n\t\t<\/div>\n\t\t\t\t<\/div>\n\t\t\t\t<\/div>\n\t\t\t\t\t<\/div>\n\t\t<\/div>\n\t\t\t\t\t<\/div>\n\t\t<\/section>\n\t\t<div class=\"elementor-element elementor-element-5791ed9 e-flex e-con-boxed e-con e-parent\" data-id=\"5791ed9\" data-element_type=\"container\" data-e-type=\"container\">\n\t\t\t\t\t<div class=\"e-con-inner\">\n\t\t\t\t<div class=\"elementor-element elementor-element-993910c elementor-widget-divider--view-line elementor-widget elementor-widget-divider\" data-id=\"993910c\" data-element_type=\"widget\" data-e-type=\"widget\" data-widget_type=\"divider.default\">\n\t\t\t\t<div class=\"elementor-widget-container\">\n\t\t\t\t\t\t\t<div class=\"elementor-divider\">\n\t\t\t<span class=\"elementor-divider-separator\">\n\t\t\t\t\t\t<\/span>\n\t\t<\/div>\n\t\t\t\t\t\t<\/div>\n\t\t\t\t<\/div>\n\t\t\t\t\t<\/div>\n\t\t\t\t<\/div>\n\t\t<div class=\"elementor-element elementor-element-60211e5 e-flex e-con-boxed e-con e-parent\" data-id=\"60211e5\" data-element_type=\"container\" data-e-type=\"container\">\n\t\t\t\t\t<div class=\"e-con-inner\">\n\t\t<div class=\"elementor-element elementor-element-5e85a20 e-con-full e-flex e-con e-child\" data-id=\"5e85a20\" data-element_type=\"container\" data-e-type=\"container\">\n\t\t\t\t<div class=\"elementor-element elementor-element-8be68b2 elementor-widget elementor-widget-text-editor\" data-id=\"8be68b2\" data-element_type=\"widget\" data-e-type=\"widget\" data-settings=\"{&quot;_animation&quot;:&quot;none&quot;}\" data-widget_type=\"text-editor.default\">\n\t\t\t\t<div class=\"elementor-widget-container\">\n\t\t\t\t\t\t\t\t\t<h6><strong>Logistique d\u2019Entreposage et de Transport<\/strong><\/h6>\t\t\t\t\t\t\t\t<\/div>\n\t\t\t\t<\/div>\n\t\t\t\t<\/div>\n\t\t<div class=\"elementor-element elementor-element-82b1e97 e-con-full e-flex e-con e-child\" data-id=\"82b1e97\" data-element_type=\"container\" data-e-type=\"container\">\n\t\t\t\t<div class=\"elementor-element elementor-element-921835f e-transform e-transform e-transform e-transform elementor-widget__width-inherit elementor-widget elementor-widget-text-editor\" data-id=\"921835f\" data-element_type=\"widget\" data-e-type=\"widget\" data-settings=\"{&quot;_transform_rotateZ_effect_hover&quot;:{&quot;unit&quot;:&quot;px&quot;,&quot;size&quot;:0,&quot;sizes&quot;:[]},&quot;_transform_translateX_effect_hover&quot;:{&quot;unit&quot;:&quot;px&quot;,&quot;size&quot;:0,&quot;sizes&quot;:[]},&quot;_transform_translateY_effect_hover&quot;:{&quot;unit&quot;:&quot;px&quot;,&quot;size&quot;:0,&quot;sizes&quot;:[]},&quot;_transform_scale_effect_hover&quot;:{&quot;unit&quot;:&quot;px&quot;,&quot;size&quot;:1,&quot;sizes&quot;:[]},&quot;_transform_skewX_effect_hover&quot;:{&quot;unit&quot;:&quot;px&quot;,&quot;size&quot;:0,&quot;sizes&quot;:[]},&quot;_transform_skewY_effect_hover&quot;:{&quot;unit&quot;:&quot;px&quot;,&quot;size&quot;:0,&quot;sizes&quot;:[]},&quot;_transform_rotateZ_effect_hover_tablet&quot;:{&quot;unit&quot;:&quot;deg&quot;,&quot;size&quot;:&quot;&quot;,&quot;sizes&quot;:[]},&quot;_transform_rotateZ_effect_hover_mobile&quot;:{&quot;unit&quot;:&quot;deg&quot;,&quot;size&quot;:&quot;&quot;,&quot;sizes&quot;:[]},&quot;_transform_translateX_effect_hover_tablet&quot;:{&quot;unit&quot;:&quot;px&quot;,&quot;size&quot;:&quot;&quot;,&quot;sizes&quot;:[]},&quot;_transform_translateX_effect_hover_mobile&quot;:{&quot;unit&quot;:&quot;px&quot;,&quot;size&quot;:&quot;&quot;,&quot;sizes&quot;:[]},&quot;_transform_translateY_effect_hover_tablet&quot;:{&quot;unit&quot;:&quot;px&quot;,&quot;size&quot;:&quot;&quot;,&quot;sizes&quot;:[]},&quot;_transform_translateY_effect_hover_mobile&quot;:{&quot;unit&quot;:&quot;px&quot;,&quot;size&quot;:&quot;&quot;,&quot;sizes&quot;:[]},&quot;_transform_scale_effect_hover_tablet&quot;:{&quot;unit&quot;:&quot;px&quot;,&quot;size&quot;:&quot;&quot;,&quot;sizes&quot;:[]},&quot;_transform_scale_effect_hover_mobile&quot;:{&quot;unit&quot;:&quot;px&quot;,&quot;size&quot;:&quot;&quot;,&quot;sizes&quot;:[]},&quot;_transform_skewX_effect_hover_tablet&quot;:{&quot;unit&quot;:&quot;deg&quot;,&quot;size&quot;:&quot;&quot;,&quot;sizes&quot;:[]},&quot;_transform_skewX_effect_hover_mobile&quot;:{&quot;unit&quot;:&quot;deg&quot;,&quot;size&quot;:&quot;&quot;,&quot;sizes&quot;:[]},&quot;_transform_skewY_effect_hover_tablet&quot;:{&quot;unit&quot;:&quot;deg&quot;,&quot;size&quot;:&quot;&quot;,&quot;sizes&quot;:[]},&quot;_transform_skewY_effect_hover_mobile&quot;:{&quot;unit&quot;:&quot;deg&quot;,&quot;size&quot;:&quot;&quot;,&quot;sizes&quot;:[]}}\" data-widget_type=\"text-editor.default\">\n\t\t\t\t<div class=\"elementor-widget-container\">\n\t\t\t\t\t\t\t\t\t<h6><strong>Solutions Cloud Priv\u00e9e<\/strong><\/h6>\t\t\t\t\t\t\t\t<\/div>\n\t\t\t\t<\/div>\n\t\t\t\t<\/div>\n\t\t<div class=\"elementor-element elementor-element-a5d6a2f e-con-full e-flex e-con e-child\" data-id=\"a5d6a2f\" data-element_type=\"container\" data-e-type=\"container\">\n\t\t\t\t<div class=\"elementor-element elementor-element-37365b3 elementor-widget elementor-widget-text-editor\" data-id=\"37365b3\" data-element_type=\"widget\" data-e-type=\"widget\" data-widget_type=\"text-editor.default\">\n\t\t\t\t<div class=\"elementor-widget-container\">\n\t\t\t\t\t\t\t\t\t<h6><strong>D\u00e9velopment Web &amp; \u00c9bergement<\/strong><\/h6>\t\t\t\t\t\t\t\t<\/div>\n\t\t\t\t<\/div>\n\t\t\t\t<\/div>\n\t\t<div class=\"elementor-element elementor-element-cf8805d e-con-full e-flex e-con e-child\" data-id=\"cf8805d\" data-element_type=\"container\" data-e-type=\"container\">\n\t\t\t\t<div class=\"elementor-element elementor-element-e9911de elementor-widget elementor-widget-text-editor\" data-id=\"e9911de\" data-element_type=\"widget\" data-e-type=\"widget\" data-widget_type=\"text-editor.default\">\n\t\t\t\t<div class=\"elementor-widget-container\">\n\t\t\t\t\t\t\t\t\t<h6><strong>Solutions VoIP\u00a0<\/strong><\/h6>\t\t\t\t\t\t\t\t<\/div>\n\t\t\t\t<\/div>\n\t\t\t\t<\/div>\n\t\t<div class=\"elementor-element elementor-element-c015075 e-con-full e-flex e-con e-child\" data-id=\"c015075\" data-element_type=\"container\" data-e-type=\"container\">\n\t\t\t\t<div class=\"elementor-element elementor-element-90ded67 elementor-widget elementor-widget-text-editor\" data-id=\"90ded67\" data-element_type=\"widget\" data-e-type=\"widget\" data-widget_type=\"text-editor.default\">\n\t\t\t\t<div class=\"elementor-widget-container\">\n\t\t\t\t\t\t\t\t\t<h6><strong>Reprise Apr\u00e8s-Sinistre<\/strong><\/h6>\t\t\t\t\t\t\t\t<\/div>\n\t\t\t\t<\/div>\n\t\t\t\t<\/div>\n\t\t<div class=\"elementor-element elementor-element-eb9973c e-con-full e-flex e-con e-child\" data-id=\"eb9973c\" data-element_type=\"container\" data-e-type=\"container\">\n\t\t\t\t<div class=\"elementor-element elementor-element-be30f1d animated-slow elementor-invisible elementor-widget elementor-widget-text-editor\" data-id=\"be30f1d\" data-element_type=\"widget\" data-e-type=\"widget\" data-settings=\"{&quot;_animation&quot;:&quot;slideInLeft&quot;}\" data-widget_type=\"text-editor.default\">\n\t\t\t\t<div class=\"elementor-widget-container\">\n\t\t\t\t\t\t\t\t\t<h6><a href=\"https:\/\/bitscoretechnologies.com\/fr\/?page_id=1519\">D\u00c9COUVREZ TOUTES NOS SOLUTIONS &gt;<\/a><\/h6>\t\t\t\t\t\t\t\t<\/div>\n\t\t\t\t<\/div>\n\t\t\t\t<\/div>\n\t\t\t\t\t<\/div>\n\t\t\t\t<\/div>\n\t\t<div class=\"elementor-element elementor-element-aa4a9c0 e-flex e-con-boxed e-con e-parent\" data-id=\"aa4a9c0\" data-element_type=\"container\" data-e-type=\"container\" data-settings=\"{&quot;background_background&quot;:&quot;classic&quot;}\">\n\t\t\t\t\t<div class=\"e-con-inner\">\n\t\t\t\t<div class=\"elementor-element elementor-element-3863335 elementor-widget-divider--view-line elementor-widget elementor-widget-divider\" data-id=\"3863335\" data-element_type=\"widget\" data-e-type=\"widget\" data-widget_type=\"divider.default\">\n\t\t\t\t<div class=\"elementor-widget-container\">\n\t\t\t\t\t\t\t<div class=\"elementor-divider\">\n\t\t\t<span class=\"elementor-divider-separator\">\n\t\t\t\t\t\t<\/span>\n\t\t<\/div>\n\t\t\t\t\t\t<\/div>\n\t\t\t\t<\/div>\n\t\t\t\t\t<\/div>\n\t\t\t\t<\/div>\n\t\t\t\t<section class=\"elementor-section elementor-top-section elementor-element elementor-element-9e7f1dc elementor-section-full_width qodef-elementor-content-grid qodef-extended-grid qodef-extended-grid--right elementor-section-height-default elementor-section-height-default\" data-id=\"9e7f1dc\" data-element_type=\"section\" data-e-type=\"section\">\n\t\t\t\t\t\t<div class=\"elementor-container elementor-column-gap-no\">\n\t\t\t\t\t<div class=\"elementor-column elementor-col-50 elementor-top-column elementor-element elementor-element-3ba8807 qodef-gradient-background-column--no\" data-id=\"3ba8807\" data-element_type=\"column\" data-e-type=\"column\">\n\t\t\t<div class=\"elementor-widget-wrap elementor-element-populated\">\n\t\t\t\t\t\t<div class=\"elementor-element elementor-element-cb62db5 elementor-widget elementor-widget-deon_core_section_title\" data-id=\"cb62db5\" data-element_type=\"widget\" data-e-type=\"widget\" data-widget_type=\"deon_core_section_title.default\">\n\t\t\t\t<div class=\"elementor-widget-container\">\n\t\t\t\t\t<div class=\"qodef-shortcode qodef-m  qodef-section-title qodef-alignment--left\">\n\t\t<p class=\"qodef-m-subtitle\" >NOTRE INFRASTRUCTURE<\/p>\n\t\t<h3 class=\"qodef-m-title\" style=\"margin-top:9px;\">\n\t\t\t\t\tCONFI\u00c9<br \/> ET SOUTENU<br \/> PAR NOMBREUX\t\t\t<\/h3>\n\t\t<div class=\"qodef-m-section-text\" ><p>Pensez \u00e0 sauvegarder vos donn\u00e9es importantes sur notre Cloud Priv\u00e9.<\/p><p>Notre Cloud prot\u00e8ge vos donn\u00e9es et les rend facilement r\u00e9cup\u00e9rables.<\/p><\/div>\n\t\t<\/div>\n\t\t\t\t<\/div>\n\t\t\t\t<\/div>\n\t\t\t\t<div class=\"elementor-element elementor-element-afdff43 elementor-widget elementor-widget-deon_core_tabs\" data-id=\"afdff43\" data-element_type=\"widget\" data-e-type=\"widget\" data-widget_type=\"deon_core_tabs.default\">\n\t\t\t\t<div class=\"elementor-widget-container\">\n\t\t\t\t\t<div class=\"qodef-shortcode qodef-m  qodef-tabs clear qodef-orientation--vertical qodef-layout--simple\">\n\t<ul class=\"qodef-tabs-navigation\">\n\t\t\t\t\t<li>\n\t\t\t\t<a href=\"#qodef-tab-pc-backup\">Sauvegarde PC<\/a>\n\t\t\t<\/li>\n\t\t\t\t\t<li>\n\t\t\t\t<a href=\"#qodef-tab-server-backup\">Sauvegarde Serveur<\/a>\n\t\t\t<\/li>\n\t\t\t<\/ul>\n\t<div class=\"qodef-tabs-content\" id=\"qodef-tab-pc-backup-339\">\n\t<p style=\"margin-bottom: 25px;\">En partenariat avec Datto:<\/p><p dir=\"ltr\"><span style=\"font-family: Arial;\">Vos employ\u00e9s sont essentiels aux op\u00e9rations quotidiennes. La perte ou la panne de leur ordinateur peut entra\u00eener une perte d'activit\u00e9, la perte de donn\u00e9es critiques et un arr\u00eat de travail. De plus, la possibilit\u00e9 que les attaques de ransomware bloquent un certain nombre de PC augmente de fa\u00e7on exponentielle ce risque.\u00a0<\/span><\/p><p dir=\"ltr\">\u00a0<\/p><p dir=\"ltr\"><span style=\"font-family: Arial;\">Datto Cloud Continuity pour PC offre un niveau de protection am\u00e9lior\u00e9 pour \u00e9liminer la perte de donn\u00e9es. Il peut aider vos employ\u00e9s \u00e0 \u00eatre op\u00e9rationnels rapidement en cas de perte ou de vol d'un ordinateur, d'attaque de ransomware, de suppression accidentelle ou d'autres catastrophes.<\/span><\/p><p dir=\"ltr\">\u00a0<\/p><p dir=\"ltr\"><span style=\"font-family: Arial;\">Ne devenez pas une autre victime d\u2019une cyberattaque. Au lieu de cela, nous pouvons vous permettre de prot\u00e9ger les donn\u00e9es critiques de votre entreprise et les PC de vos employ\u00e9s. Nous avons partag\u00e9 une vid\u00e9o courte mais informative, qui vous aidera \u00e0 mieux comprendre l'importance d'une solution Cloud Continuity. Nous vous encourageons \u00e0 nous contacter directement et \u00e0 parler \u00e0 un membre expert de l\u2019\u00e9quipe pour plus d\u2019informations.<\/span><\/p><\/div>\n<div class=\"qodef-tabs-content\" id=\"qodef-tab-server-backup-246\">\n\t<p>La sauvegarde du serveur est un aspect crucial de la gestion des donn\u00e9es pour les entreprises qui s'appuient sur des serveurs pour stocker et g\u00e9rer leurs actifs num\u00e9riques.<\/p><p>Nos sauvegardes de serveur impliquent la cr\u00e9ation de copies des donn\u00e9es et des param\u00e8tres de configuration stock\u00e9s sur votre serveur et leur stockage dans notre Cloud priv\u00e9, garantissant ainsi la r\u00e9cup\u00e9ration des donn\u00e9es en cas de perte de donn\u00e9es, de panne de serveur ou d'autres \u00e9v\u00e9nements catastrophiques.<\/p><p>\u00a0<\/p><p><strong>Fr\u00e9quence de Sauvegarde<\/strong>: Les fr\u00e9quences de sauvegarde courantes sont quotidiennes, hebdomadaires et mensuelles.<\/p><p>\u00a0<\/p><p><strong>Automation<\/strong>: Nous utilisons des logiciels et des scripts de sauvegarde pour automatiser le processus de sauvegarde, garantissant ainsi que les sauvegardes sont effectu\u00e9es de mani\u00e8re coh\u00e9rente.<\/p><p>\u00a0<\/p><p><strong>Cryptage<\/strong>: Le cryptage des sauvegardes garantit que les donn\u00e9es sensibles restent s\u00e9curis\u00e9es, \u00e0 la fois pendant le processus de sauvegarde et pendant leur stockage.<\/p><p>\u00a0<\/p><p><strong>Tests<\/strong>: Nous testons r\u00e9guli\u00e8rement le processus de sauvegarde et de restauration pour garantir que les sauvegardes sont valides et peuvent \u00eatre restaur\u00e9es avec succ\u00e8s en cas de besoin.<\/p><p>\u00a0<\/p><p><strong>Surveillance<\/strong>: Avec notre solution <a href=\"http:\/\/www.mattimon.com\">de surveillance<\/a> nous surveillons et mettons en place des syst\u00e8mes d'alerte pour informer les administrateurs des \u00e9checs ou des probl\u00e8mes de sauvegarde.<\/p><p>\u00a0<\/p><p><strong>Documentation<\/strong>: Nous maintenons une documentation qui d\u00e9taille la strat\u00e9gie de sauvegarde.<\/p><p>\u00a0<\/p><p><strong>Conformit\u00e9<\/strong>: Nous veillons \u00e0 ce que votre strat\u00e9gie de sauvegarde soit conforme aux r\u00e9glementations et exigences de conformit\u00e9 sp\u00e9cifiques au secteur.<\/p><p>\u00a0<\/p><p>En mettant en \u0153uvre une strat\u00e9gie de sauvegarde de serveur robuste, vous pouvez minimiser le risque de perte de donn\u00e9es et garantir que votre organisation peut se remettre rapidement d'\u00e9v\u00e9nements inattendus.<\/p><\/div>\n<\/div>\n\t\t\t\t<\/div>\n\t\t\t\t<\/div>\n\t\t\t\t\t<\/div>\n\t\t<\/div>\n\t\t\t\t<div class=\"elementor-column elementor-col-50 elementor-top-column elementor-element elementor-element-7ba203b qodef-gradient-background-column--no\" data-id=\"7ba203b\" data-element_type=\"column\" data-e-type=\"column\">\n\t\t\t<div class=\"elementor-widget-wrap elementor-element-populated\">\n\t\t\t\t\t\t<div class=\"elementor-element elementor-element-34fc614 elementor-widget elementor-widget-deon_core_single_image\" data-id=\"34fc614\" data-element_type=\"widget\" data-e-type=\"widget\" data-widget_type=\"deon_core_single_image.default\">\n\t\t\t\t<div class=\"elementor-widget-container\">\n\t\t\t\t\t<div class=\"qodef-shortcode qodef-m  qodef-single-image qodef-layout--default\" >\n\t\t<div class=\"qodef-m-image\">\n\t\t\t\t\t<img decoding=\"async\" width=\"409\" height=\"415\" src=\"https:\/\/bitscoretechnologies.com\/wp-content\/uploads\/2023\/09\/cloud.png\" class=\"attachment-large size-large\" alt=\"\" srcset=\"https:\/\/bitscoretechnologies.com\/wp-content\/uploads\/2023\/09\/cloud.png 409w, https:\/\/bitscoretechnologies.com\/wp-content\/uploads\/2023\/09\/cloud-296x300.png 296w, https:\/\/bitscoretechnologies.com\/wp-content\/uploads\/2023\/09\/cloud-100x100.png 100w\" sizes=\"(max-width: 409px) 100vw, 409px\" \/>\t\t\t<\/div>\n<\/div>\n\t\t\t\t<\/div>\n\t\t\t\t<\/div>\n\t\t\t\t\t<\/div>\n\t\t<\/div>\n\t\t\t\t\t<\/div>\n\t\t<\/section>\n\t\t<div class=\"elementor-element elementor-element-4569364 e-flex e-con-boxed e-con e-parent\" data-id=\"4569364\" data-element_type=\"container\" data-e-type=\"container\">\n\t\t\t\t\t<div class=\"e-con-inner\">\n\t\t\t\t<div class=\"elementor-element elementor-element-5687c2d elementor-widget-divider--view-line elementor-widget elementor-widget-divider\" data-id=\"5687c2d\" data-element_type=\"widget\" data-e-type=\"widget\" data-widget_type=\"divider.default\">\n\t\t\t\t<div class=\"elementor-widget-container\">\n\t\t\t\t\t\t\t<div class=\"elementor-divider\">\n\t\t\t<span class=\"elementor-divider-separator\">\n\t\t\t\t\t\t<\/span>\n\t\t<\/div>\n\t\t\t\t\t\t<\/div>\n\t\t\t\t<\/div>\n\t\t\t\t\t<\/div>\n\t\t\t\t<\/div>\n\t\t<div class=\"elementor-element elementor-element-a1ea016 e-flex e-con-boxed e-con e-parent\" data-id=\"a1ea016\" data-element_type=\"container\" data-e-type=\"container\">\n\t\t\t\t\t<div class=\"e-con-inner\">\n\t\t\t\t<div class=\"elementor-element elementor-element-80285fc elementor-widget elementor-widget-heading\" data-id=\"80285fc\" data-element_type=\"widget\" data-e-type=\"widget\" data-widget_type=\"heading.default\">\n\t\t\t\t<div class=\"elementor-widget-container\">\n\t\t\t\t\t<h3 class=\"elementor-heading-title elementor-size-large\">Surveillez vos Appareils<\/h3>\t\t\t\t<\/div>\n\t\t\t\t<\/div>\n\t\t\t\t<div class=\"elementor-element elementor-element-d5bc348 elementor-widget elementor-widget-image\" data-id=\"d5bc348\" data-element_type=\"widget\" data-e-type=\"widget\" data-widget_type=\"image.default\">\n\t\t\t\t<div class=\"elementor-widget-container\">\n\t\t\t\t\t\t\t\t\t\t\t\t\t\t\t\t<a href=\"https:\/\/www.mattimon.com\/\">\n\t\t\t\t\t\t\t<img decoding=\"async\" width=\"201\" height=\"178\" src=\"https:\/\/bitscoretechnologies.com\/wp-content\/uploads\/2023\/09\/matti.png\" class=\"elementor-animation-grow attachment-2048x2048 size-2048x2048 wp-image-10104\" alt=\"\" \/>\t\t\t\t\t\t\t\t<\/a>\n\t\t\t\t\t\t\t\t\t\t\t\t\t\t\t<\/div>\n\t\t\t\t<\/div>\n\t\t\t\t<div class=\"elementor-element elementor-element-3712c0a elementor-widget elementor-widget-image\" data-id=\"3712c0a\" data-element_type=\"widget\" data-e-type=\"widget\" data-widget_type=\"image.default\">\n\t\t\t\t<div class=\"elementor-widget-container\">\n\t\t\t\t\t\t\t\t\t\t\t\t\t\t\t<img loading=\"lazy\" decoding=\"async\" width=\"292\" height=\"300\" src=\"https:\/\/bitscoretechnologies.com\/wp-content\/uploads\/2023\/09\/clipart930148-292x300.png\" class=\"attachment-medium size-medium wp-image-10259\" alt=\"\" srcset=\"https:\/\/bitscoretechnologies.com\/wp-content\/uploads\/2023\/09\/clipart930148-292x300.png 292w, https:\/\/bitscoretechnologies.com\/wp-content\/uploads\/2023\/09\/clipart930148-997x1024.png 997w, https:\/\/bitscoretechnologies.com\/wp-content\/uploads\/2023\/09\/clipart930148-768x789.png 768w, https:\/\/bitscoretechnologies.com\/wp-content\/uploads\/2023\/09\/clipart930148-1495x1536.png 1495w, https:\/\/bitscoretechnologies.com\/wp-content\/uploads\/2023\/09\/clipart930148-1993x2048.png 1993w, https:\/\/bitscoretechnologies.com\/wp-content\/uploads\/2023\/09\/clipart930148-600x616.png 600w\" sizes=\"(max-width: 292px) 100vw, 292px\" \/>\t\t\t\t\t\t\t\t\t\t\t\t\t\t\t<\/div>\n\t\t\t\t<\/div>\n\t\t\t\t<div class=\"elementor-element elementor-element-9101fd7 elementor-button-info elementor-align-center elementor-widget elementor-widget-button\" data-id=\"9101fd7\" data-element_type=\"widget\" data-e-type=\"widget\" data-widget_type=\"button.default\">\n\t\t\t\t<div class=\"elementor-widget-container\">\n\t\t\t\t\t\t\t\t\t<div class=\"elementor-button-wrapper\">\n\t\t\t\t\t<a class=\"elementor-button elementor-button-link elementor-size-xl\" href=\"https:\/\/www.mattimon.com\/\">\n\t\t\t\t\t\t<span class=\"elementor-button-content-wrapper\">\n\t\t\t\t\t\t\t\t\t<span class=\"elementor-button-text\">D\u00e9couvrez Mattimon<\/span>\n\t\t\t\t\t<\/span>\n\t\t\t\t\t<\/a>\n\t\t\t\t<\/div>\n\t\t\t\t\t\t\t\t<\/div>\n\t\t\t\t<\/div>\n\t\t\t\t\t<\/div>\n\t\t\t\t<\/div>\n\t\t\t\t<\/div>","protected":false},"excerpt":{"rendered":"<p>Who We Are Cost Effective Solutions Tailored to your Business BitsCore Technologies delivers tailored, reliable and competitively priced IT management services and solutions so you can focus on your business\u2019 development and prosperity. Our support centre and technicians are located in the centre of Montreal. We can help you online or directly at your location. [&hellip;]<\/p>\n","protected":false},"author":1,"featured_media":0,"parent":0,"menu_order":0,"comment_status":"closed","ping_status":"closed","template":"page-full-width.php","meta":{"footnotes":""},"class_list":["post-4040","page","type-page","status-publish","hentry"],"_links":{"self":[{"href":"https:\/\/bitscoretechnologies.com\/fr\/wp-json\/wp\/v2\/pages\/4040","targetHints":{"allow":["GET"]}}],"collection":[{"href":"https:\/\/bitscoretechnologies.com\/fr\/wp-json\/wp\/v2\/pages"}],"about":[{"href":"https:\/\/bitscoretechnologies.com\/fr\/wp-json\/wp\/v2\/types\/page"}],"author":[{"embeddable":true,"href":"https:\/\/bitscoretechnologies.com\/fr\/wp-json\/wp\/v2\/users\/1"}],"replies":[{"embeddable":true,"href":"https:\/\/bitscoretechnologies.com\/fr\/wp-json\/wp\/v2\/comments?post=4040"}],"version-history":[{"count":148,"href":"https:\/\/bitscoretechnologies.com\/fr\/wp-json\/wp\/v2\/pages\/4040\/revisions"}],"predecessor-version":[{"id":10806,"href":"https:\/\/bitscoretechnologies.com\/fr\/wp-json\/wp\/v2\/pages\/4040\/revisions\/10806"}],"wp:attachment":[{"href":"https:\/\/bitscoretechnologies.com\/fr\/wp-json\/wp\/v2\/media?parent=4040"}],"curies":[{"name":"wp","href":"https:\/\/api.w.org\/{rel}","templated":true}]}}